{"id":8779,"date":"2024-02-03T15:47:14","date_gmt":"2024-02-03T12:47:14","guid":{"rendered":"https:\/\/bazzarga.com\/?post_type=product&#038;p=8779"},"modified":"2024-11-01T01:55:03","modified_gmt":"2024-10-31T22:55:03","slug":"moods-choco-condom-12-pieces","status":"publish","type":"product","link":"https:\/\/bazzarga.com\/index.php\/product\/moods-choco-condom-12-pieces\/","title":{"rendered":"Moods &#8211; Choco Condom &#8211; 12 Pieces"},"content":{"rendered":"<p>&#8216;- Made of natural latex rubber that doesn&#8217;t have any side-effect on your health<br \/>\nn<br \/>\nn- Designed for safe use<br \/>\nn<br \/>\nn- Shaped to provide a better fit and feel<br \/>\nn<br \/>\nn- High quality<br \/>\nn<br \/>\nn- Lubricated and with reservoir<br \/>\nn<br \/>\nn- Choco flavor.<br \/>\nn<br \/>\nn&nbsp;<br \/>\nn<br \/>\nnCertified By: FDA (Food and Drug Administration), ISO 2016, ISO 2018, ISO 2005, CE (Conformit\u00e9 Europ\u00e9enne), and SGS (Soci\u00e9t\u00e9 G\u00e9n\u00e9rale de Surveillance).<\/p>\n","protected":false},"excerpt":{"rendered":"<p>&#8216;- Made of natural latex rubber that doesn&#8217;t have any side-effect on your health n n- Designed for safe use n n- Shaped to provide a better fit and feel n n- High quality n n- Lubricated and with reservoir n n- Choco flavor. n n&nbsp; n nCertified By: FDA (Food and Drug Administration), ISO &hellip; <a href=\"https:\/\/bazzarga.com\/index.php\/product\/moods-choco-condom-12-pieces\/\" class=\"more-link\">Continue reading <span class=\"screen-reader-text\">Moods &#8211; Choco Condom &#8211; 12 Pieces<\/span><\/a><\/p>\n","protected":false},"featured_media":8822,"comment_status":"open","ping_status":"closed","template":"","meta":[],"product_brand":[],"product_cat":[96,113,112],"product_tag":[115,116,117],"class_list":{"0":"post-8779","1":"product","2":"type-product","3":"status-publish","4":"has-post-thumbnail","6":"product_cat-beauty-health","7":"product_cat-family-planning-and-contraceptives","8":"product_cat-health-care","9":"product_tag-condom","10":"product_tag-condoms","11":"product_tag-moods","12":"pa_brand-moods","15":"instock","16":"taxable","17":"shipping-taxable","18":"purchasable","19":"product-type-simple"},"_links":{"self":[{"href":"https:\/\/bazzarga.com\/index.php\/wp-json\/wp\/v2\/product\/8779","targetHints":{"allow":["GET"]}}],"collection":[{"href":"https:\/\/bazzarga.com\/index.php\/wp-json\/wp\/v2\/product"}],"about":[{"href":"https:\/\/bazzarga.com\/index.php\/wp-json\/wp\/v2\/types\/product"}],"replies":[{"embeddable":true,"href":"https:\/\/bazzarga.com\/index.php\/wp-json\/wp\/v2\/comments?post=8779"}],"wp:featuredmedia":[{"embeddable":true,"href":"https:\/\/bazzarga.com\/index.php\/wp-json\/wp\/v2\/media\/8822"}],"wp:attachment":[{"href":"https:\/\/bazzarga.com\/index.php\/wp-json\/wp\/v2\/media?parent=8779"}],"wp:term":[{"taxonomy":"product_brand","embeddable":true,"href":"https:\/\/bazzarga.com\/index.php\/wp-json\/wp\/v2\/product_brand?post=8779"},{"taxonomy":"product_cat","embeddable":true,"href":"https:\/\/bazzarga.com\/index.php\/wp-json\/wp\/v2\/product_cat?post=8779"},{"taxonomy":"product_tag","embeddable":true,"href":"https:\/\/bazzarga.com\/index.php\/wp-json\/wp\/v2\/product_tag?post=8779"}],"curies":[{"name":"wp","href":"https:\/\/api.w.org\/{rel}","templated":true}]}}