{"id":8777,"date":"2024-02-03T15:47:14","date_gmt":"2024-02-03T12:47:14","guid":{"rendered":"https:\/\/bazzarga.com\/?post_type=product&#038;p=8777"},"modified":"2024-02-03T16:32:36","modified_gmt":"2024-02-03T13:32:36","slug":"moods-banana-condoms-12-pieces","status":"publish","type":"product","link":"https:\/\/bazzarga.com\/index.php\/product\/moods-banana-condoms-12-pieces\/","title":{"rendered":"Moods &#8211; Banana Condoms &#8211; 12 Pieces"},"content":{"rendered":"<p>&#8216;- High quality<br \/>\nn<br \/>\nn- Banana flavor<br \/>\nn<br \/>\nn- Lubricated and with reservoir<br \/>\nn<br \/>\nn- For sweet pleasure.<br \/>\nn<br \/>\nn&nbsp;<br \/>\nn<br \/>\nnCertified By: FDA (Food and Drug Administration), ISO 2016, ISO 2018, ISO 2005, CE (Conformit\u00e9 Europ\u00e9enne), and SGS (Soci\u00e9t\u00e9 G\u00e9n\u00e9rale de Surveillance).<br \/>\nn<br \/>\nn&nbsp;<\/p>\n","protected":false},"excerpt":{"rendered":"<p>&#8216;- High quality n n- Banana flavor n n- Lubricated and with reservoir n n- For sweet pleasure. n n&nbsp; n nCertified By: FDA (Food and Drug Administration), ISO 2016, ISO 2018, ISO 2005, CE (Conformit\u00e9 Europ\u00e9enne), and SGS (Soci\u00e9t\u00e9 G\u00e9n\u00e9rale de Surveillance). n n&nbsp;<\/p>\n","protected":false},"featured_media":8820,"comment_status":"open","ping_status":"closed","template":"","meta":[],"product_brand":[],"product_cat":[96,113,112],"product_tag":[114,154,115,116,117],"class_list":{"0":"post-8777","1":"product","2":"type-product","3":"status-publish","4":"has-post-thumbnail","6":"product_cat-beauty-health","7":"product_cat-family-planning-and-contraceptives","8":"product_cat-health-care","9":"product_tag-12-pieces","10":"product_tag-banana","11":"product_tag-condom","12":"product_tag-condoms","13":"product_tag-moods","14":"pa_brand-moods","17":"instock","18":"taxable","19":"shipping-taxable","20":"purchasable","21":"product-type-simple"},"_links":{"self":[{"href":"https:\/\/bazzarga.com\/index.php\/wp-json\/wp\/v2\/product\/8777","targetHints":{"allow":["GET"]}}],"collection":[{"href":"https:\/\/bazzarga.com\/index.php\/wp-json\/wp\/v2\/product"}],"about":[{"href":"https:\/\/bazzarga.com\/index.php\/wp-json\/wp\/v2\/types\/product"}],"replies":[{"embeddable":true,"href":"https:\/\/bazzarga.com\/index.php\/wp-json\/wp\/v2\/comments?post=8777"}],"wp:featuredmedia":[{"embeddable":true,"href":"https:\/\/bazzarga.com\/index.php\/wp-json\/wp\/v2\/media\/8820"}],"wp:attachment":[{"href":"https:\/\/bazzarga.com\/index.php\/wp-json\/wp\/v2\/media?parent=8777"}],"wp:term":[{"taxonomy":"product_brand","embeddable":true,"href":"https:\/\/bazzarga.com\/index.php\/wp-json\/wp\/v2\/product_brand?post=8777"},{"taxonomy":"product_cat","embeddable":true,"href":"https:\/\/bazzarga.com\/index.php\/wp-json\/wp\/v2\/product_cat?post=8777"},{"taxonomy":"product_tag","embeddable":true,"href":"https:\/\/bazzarga.com\/index.php\/wp-json\/wp\/v2\/product_tag?post=8777"}],"curies":[{"name":"wp","href":"https:\/\/api.w.org\/{rel}","templated":true}]}}