{"id":8724,"date":"2024-02-03T15:46:04","date_gmt":"2024-02-03T12:46:04","guid":{"rendered":"https:\/\/bazzarga.com\/?post_type=product&#038;p=8724"},"modified":"2024-02-03T16:31:39","modified_gmt":"2024-02-03T13:31:39","slug":"moods-extra-long-condoms-12-pieces","status":"publish","type":"product","link":"https:\/\/bazzarga.com\/index.php\/product\/moods-extra-long-condoms-12-pieces\/","title":{"rendered":"Moods &#8211; Extra Long Condoms &#8211; 12 Pieces"},"content":{"rendered":"<p>&#8216;- Provide a better fit and feel during lovemaking.<br \/>\nn<br \/>\nn- Extra long condoms are designed for the well-endowed man to provide extra pleasure.<br \/>\nn<br \/>\nn- Long Last climax control, dotted condoms with a specially formulated lubricant that helps your last longer enhance the pleasure.<br \/>\nn<br \/>\nn- Lasting it gives the partners height of pleasure and relaxation. Contains special climax-control lubricant, benzocaine, that helps him last longer.<br \/>\nn<br \/>\nn&nbsp;<br \/>\nn<br \/>\nnCertified By: FDA (Food and Drug Administration), ISO 2016, ISO 2018, ISO 2005, CE (Conformit\u00e9 Europ\u00e9enne), and SGS (Soci\u00e9t\u00e9 G\u00e9n\u00e9rale de Surveillance).<\/p>\n","protected":false},"excerpt":{"rendered":"<p>&#8216;- Provide a better fit and feel during lovemaking. n n- Extra long condoms are designed for the well-endowed man to provide extra pleasure. n n- Long Last climax control, dotted condoms with a specially formulated lubricant that helps your last longer enhance the pleasure. n n- Lasting it gives the partners height of pleasure &hellip; <a href=\"https:\/\/bazzarga.com\/index.php\/product\/moods-extra-long-condoms-12-pieces\/\" class=\"more-link\">Continue reading <span class=\"screen-reader-text\">Moods &#8211; Extra Long Condoms &#8211; 12 Pieces<\/span><\/a><\/p>\n","protected":false},"featured_media":8780,"comment_status":"open","ping_status":"closed","template":"","meta":[],"product_brand":[],"product_cat":[96,113,112],"product_tag":[114,115,116,130,117],"class_list":{"0":"post-8724","1":"product","2":"type-product","3":"status-publish","4":"has-post-thumbnail","6":"product_cat-beauty-health","7":"product_cat-family-planning-and-contraceptives","8":"product_cat-health-care","9":"product_tag-12-pieces","10":"product_tag-condom","11":"product_tag-condoms","12":"product_tag-extra-long","13":"product_tag-moods","14":"pa_brand-moods","17":"instock","18":"taxable","19":"shipping-taxable","20":"purchasable","21":"product-type-simple"},"_links":{"self":[{"href":"https:\/\/bazzarga.com\/index.php\/wp-json\/wp\/v2\/product\/8724","targetHints":{"allow":["GET"]}}],"collection":[{"href":"https:\/\/bazzarga.com\/index.php\/wp-json\/wp\/v2\/product"}],"about":[{"href":"https:\/\/bazzarga.com\/index.php\/wp-json\/wp\/v2\/types\/product"}],"replies":[{"embeddable":true,"href":"https:\/\/bazzarga.com\/index.php\/wp-json\/wp\/v2\/comments?post=8724"}],"wp:featuredmedia":[{"embeddable":true,"href":"https:\/\/bazzarga.com\/index.php\/wp-json\/wp\/v2\/media\/8780"}],"wp:attachment":[{"href":"https:\/\/bazzarga.com\/index.php\/wp-json\/wp\/v2\/media?parent=8724"}],"wp:term":[{"taxonomy":"product_brand","embeddable":true,"href":"https:\/\/bazzarga.com\/index.php\/wp-json\/wp\/v2\/product_brand?post=8724"},{"taxonomy":"product_cat","embeddable":true,"href":"https:\/\/bazzarga.com\/index.php\/wp-json\/wp\/v2\/product_cat?post=8724"},{"taxonomy":"product_tag","embeddable":true,"href":"https:\/\/bazzarga.com\/index.php\/wp-json\/wp\/v2\/product_tag?post=8724"}],"curies":[{"name":"wp","href":"https:\/\/api.w.org\/{rel}","templated":true}]}}